{"id":1839,"date":"2024-02-19T21:03:53","date_gmt":"2024-02-20T02:03:53","guid":{"rendered":"https:\/\/cempecafen.com\/?page_id=1839"},"modified":"2025-11-09T23:29:26","modified_gmt":"2025-11-10T04:29:26","slug":"mesmerize","status":"publish","type":"page","link":"https:\/\/cempecafen.com\/","title":{"rendered":"Front Page"},"content":{"rendered":"<div  id=\"acerca\" style=\"background-color: #f5fafd;\" data-label=\"Acerca\" data-id=\"about-images-right-section-mc\" data-export-id=\"about-images-right-section-mc\" data-bullets-visibility=\"true\" data-category=\"about\" class=\"about-images-right-section-mc content-section content-section-spacing\"><div  class=\"gridContainer\"> <div  class=\"row middle-sm text-center\"><div  class=\"col-sm-5 content-left-sm\" data-type=\"column\">  <h2  class=\"\">Nuestra historia<\/h2> <p  class=\"\">La cooperativa de empleados, pensionados y ex empleados de la Federaci\u00f3n Nacional de Cafeteros de Colombia, Almacaf\u00e9 S.A. y de las Cooperativas de Caficultores, CEMPECAFEN es una cooperativa que opera en la ciudad de San Juan de Pasto, Departamento de Nari\u00f1o, Rep\u00fablica de Colombia, con personer\u00eda jur\u00eddica otorgada mediante resoluci\u00f3n 00644 del 14 de abril de 1987 del departamento administrativo de econom\u00eda solidaria, e inscrita en la C\u00e1mara de Comercio de Pasto bajo el registro mercantil n\u00famero 272, identificada con NIT. No  800007514 \u2013 8, fundada por los trabajadores del Comit\u00e9 de Cafeteros Nari\u00f1o Sres. Carlos Mart\u00ednez, Rodrigo Bastidas, Melba Sof\u00eda Erazo, Jorge Laureano Burbano, Ligia Rivera de Melo, siendo el Secretario el Sr. Paco Alfredo Bravo, el d\u00eda 10 de Junio de 1987,   despu\u00e9s de una reuni\u00f3n realizada en el departamento administrativo y bajo el lema una idea al servicio de todos.<\/p> <\/div> <div  class=\"col-sm-7 space-bottom-xs\"><div  class=\"image-group-side-3-img\"> <a  data-cp-link=\"1\" href=\"#\" class=\"top-img-anchor\"><img  decoding=\"async\" class=\"topimg shadow-large\" src=\"https:\/\/cempecafen.com\/wp-content\/uploads\/2022\/10\/Logo_inicio.jpg.webp\" title=\"Logo_inicio\" alt=\"\"><\/a> <img  decoding=\"async\" class=\"rightimg shadow-large\" src=\"https:\/\/cempecafen.com\/wp-content\/themes\/highlight\/customizer\/sections\/images\/cropped-cropped-background-2726039-6x4.jpg\"> <div  class=\"leftimg\"> <img  decoding=\"async\" class=\"shadow-large\" src=\"https:\/\/cempecafen.com\/wp-content\/uploads\/2024\/02\/Banner-de-LinkedIn-Trabajo-Sencillo.gif\" title=\"Banner de LinkedIn Trabajo Sencillo\" alt=\"\"><\/div> <\/div><\/div> <\/div><\/div> <\/div><div  id=\"organizacion\" style=\"background-color: #ffffff;\" data-label=\"Organizacion\" data-id=\"features-16-card-bordered-mc\" data-export-id=\"features-16-card-bordered-mc\" data-bullets-visibility=\"true\" data-category=\"features\" class=\"features-16-card-bordered-mc content-section content-section-spacing\"><div  class=\"gridContainer\"> <div  class=\"row text-center\"><div  class=\"section-title-col\" data-type=\"column\">  <h2  class=\"\">CEMPECAFEN<\/h2> <p  class=\"lead\">Organizaci\u00f3n<\/p><\/div> <\/div> <div  class=\"row spaced-cols\" data-type=\"row\"> <div  class=\"col-xs-12 col-sm-6 col-md-6 \"> <div  class=\"card no-padding bordered y-move\"> <img  decoding=\"async\" class=\"face\" src=\"https:\/\/cempecafen.com\/wp-content\/uploads\/2022\/03\/Logo_formularios-1.jpg.webp\" title=\"Logo_formularios\" alt=\"\"> <div  data-type=\"column\" class=\"col-padding-small col-padding-small-xs description-container\"> <h4  class=\"font-500\">Consejo de Administraci\u00f3n<\/h4> <p  class=\"\">Albeiro Cruz Mu\u00f1oz \u2013 Presidente\n<br >Alvaro Rubio Lopez \u2013 Vicepresidente<br >Elizabeth Ortega Paredes \u2013 Secretaria<br >Alvaro Eraso Chicaiza<br >Sandra Villota Cumbal<\/p><\/div> <div  data-type=\"column\" class=\"col-padding-small col-padding-small-xs read-more-container\"><\/div> <\/div><\/div> <div  class=\"col-xs-12 col-sm-6 col-md-6 \"><div  class=\"card no-padding bordered y-move\"> <img  decoding=\"async\" class=\"face\" src=\"https:\/\/cempecafen.com\/wp-content\/uploads\/2022\/03\/cropped-cropped-Logo_formularios-e1646669512352.jpg.webp\" title=\"cropped-cropped-Logo_formularios-e1646669512352.jpg\" alt=\"\"> <div  data-type=\"column\" class=\"col-padding-small col-padding-small-xs description-container\"> <h4  class=\"font-500\">Junta de Vigilancia<\/h4> <p  class=\"\">Fredy Arias Pantoja<br >Yolanda Benavides Dulce<br >Luis Andres Castillo Bastidas<\/p><\/div> <div  data-type=\"column\" class=\"col-padding-small col-padding-small-xs read-more-container\"><\/div> <\/div><\/div>  <div  class=\"col-xs-12 col-sm-6 col-md-6\"> <div  class=\"card no-padding bordered y-move\"> <img  decoding=\"async\" class=\"face\" src=\"https:\/\/cempecafen.com\/wp-content\/uploads\/2024\/02\/Banner-de-LinkedIn-Trabajo-Sencillo.gif\" title=\"Banner de LinkedIn Trabajo Sencillo\" alt=\"\"> <div  data-type=\"column\" class=\"col-padding-small col-padding-small-xs description-container\"> <h4  class=\"font-500\">Revisor Fiscal<\/h4> <p  class=\"\">Yumar Robison Lucero \u2013 Principal<br >Roc\u00edo Castillo Chamorro \u2013 Suplente<\/p><\/div> <div  data-type=\"column\" class=\"col-padding-small col-padding-small-xs read-more-container\"><\/div> <\/div><\/div><div  class=\"col-xs-12 col-sm-6 col-md-6\"> <div  class=\"card no-padding bordered y-move\"> <img  decoding=\"async\" class=\"face\" src=\"https:\/\/cempecafen.com\/wp-content\/uploads\/2024\/02\/Banner-de-LinkedIn-Trabajo-Sencillo.gif\" title=\"Banner de LinkedIn Trabajo Sencillo\" alt=\"\"> <div  data-type=\"column\" class=\"col-padding-small col-padding-small-xs description-container\"> <h4  class=\"font-500\">Administraci\u00f3n<\/h4> <p  class=\"\">Jorge H.&nbsp; Eraso H. Gerente<br >Liceth Meneses Hernandez \u2013 Contadora<\/p><\/div> <div  data-type=\"column\" class=\"col-padding-small col-padding-small-xs read-more-container\"><\/div> <\/div><\/div><div  class=\"col-xs-12 col-sm-6 col-md-6\"> <div  class=\"card no-padding bordered y-move\"> <img  decoding=\"async\" class=\"face\" src=\"https:\/\/cempecafen.com\/wp-content\/uploads\/2022\/03\/Logo_formularios-1.jpg.webp\" title=\"Logo_formularios\" alt=\"\"> <div  data-type=\"column\" class=\"col-padding-small col-padding-small-xs description-container\"> <h4  class=\"font-500\">Comit\u00e9 de Cr\u00e9dito<\/h4> <p  class=\"\">Liliana Ramos Mu\u00f1oz\n<br >James Escobar\n<br >Elizabeth Ortega Paredes\n<br >Ovidio Gaviria Armero \u2013 Suplente<\/p><\/div> <div  data-type=\"column\" class=\"col-padding-small col-padding-small-xs read-more-container\"><\/div> <\/div><\/div><div  class=\"col-xs-12 col-sm-6 col-md-6\"> <div  class=\"card no-padding bordered y-move\"> <img  decoding=\"async\" class=\"face\" src=\"https:\/\/cempecafen.com\/wp-content\/uploads\/2022\/03\/Logo_formularios-1.jpg.webp\" title=\"Logo_formularios\" alt=\"\"> <div  data-type=\"column\" class=\"col-padding-small col-padding-small-xs description-container\"> <h4  class=\"font-500\">Comit\u00e9 de Educaci\u00f3n<\/h4> <p  class=\"\">Myriam Ortiz Obando<br >Gladis Garcia Cabrera<br >Luis Dilmer Mart\u00ednez V.<\/p><\/div> <div  data-type=\"column\" class=\"col-padding-small col-padding-small-xs read-more-container\"><\/div> <\/div><\/div><div  class=\"col-xs-12 col-sm-6 col-md-6\"> <div  class=\"card no-padding bordered y-move\"> <img  decoding=\"async\" class=\"face\" src=\"https:\/\/cempecafen.com\/wp-content\/uploads\/2022\/03\/Logo_formularios-1.jpg.webp\" title=\"Logo_formularios\" alt=\"\"> <div  data-type=\"column\" class=\"col-padding-small col-padding-small-xs description-container\"> <h4  class=\"font-500\">Comit\u00e9 de Riesgo<\/h4> <p  class=\"\">Cristian Castillo Castillo<br >Alvaro Rubio Lopez<br >Jorge H. Eraso H.<\/p><\/div> <div  data-type=\"column\" class=\"col-padding-small col-padding-small-xs read-more-container\"><\/div> <\/div><\/div><\/div><\/div> <\/div><div  data-label=\"Servicios\" data-id=\"overlappable--1\" data-export-id=\"overlappable-4-mc\" data-category=\"overlappable\" class=\"overlappable-4-mc content-section content-section-spacing\" data-overlap=\"true\" id=\"servicios\" style=\"background-color: rgb(245, 250, 253); background-image: none;\" data-bullets-visibility=\"true\"><div  class=\"gridContainer\"> <div  data-type=\"row\" class=\"row spaced-cols text-center\"> <div  class=\"col-xs-12 col-sm-4 col-padding\"> <i  class=\"fa icon shadow-large-black aligncenter color2 fa-ambulance reverse round large\"><\/i> <div  data-type=\"column\" class=\"\"><h5  class=\"font-400\">Protegemos<\/h5> <p  class=\"\">Adquiere tu servicio\n<br >Descuento de $50.000 \u00f3\n<br >Adquiere un seguro de vida de 50 millones durante un a\u00f1o<\/p><\/div> <\/div> <div  class=\"col-xs-12 col-sm-4 col-padding\"> <i  class=\"fa icon shadow-large-black aligncenter color4 fa-child reverse round large\"><\/i> <div  data-type=\"column\" class=\"\"><h5  class=\"font-400\">Funerarios<\/h5> <p  class=\"\">Adquiere el servicio<\/p><\/div> <\/div><div  class=\"col-xs-12 col-sm-4 col-padding\"> <i  class=\"fa icon shadow-large-black aligncenter color1 fa-dollar reverse round large\"><\/i> <div  data-type=\"column\" class=\"\"> <h5  class=\"font-400\">Cr\u00e9ditos<\/h5> <p  class=\"\">Ingresa con tu usuario y clave\n<br >Revisa tus cupos<\/p><\/div> <\/div><div  class=\"col-xs-12 col-sm-4 col-padding\"> <a  data-cp-link=\"1\" href=\"#\"><i  class=\"fa icon shadow-large-black aligncenter color1 fa-birthday-cake reverse round large\"><\/i><\/a> <div  data-type=\"column\" class=\"\"> <h5  class=\"font-400\">Bono de cumplea\u00f1os<\/h5> <p  class=\"\">El d\u00eda de tu cumplea\u00f1os recibe un bono de&nbsp; $140.000\n<br >Aplica terminos y condiciones<\/p><img  decoding=\"async\" class=\"custom-image\" src=\"https:\/\/cempecafen.com\/wp-content\/uploads\/2024\/02\/Cumpleanos.gif\" title=\"Cumplea\u00f1os\" alt=\"\"><\/div> <\/div><div  class=\"col-xs-12 col-sm-4 col-padding\"> <i  class=\"fa icon shadow-large-black aligncenter color1 fa-street-view reverse round large\"><\/i> <div  data-type=\"column\" class=\"\"> <h5  class=\"font-400\">Seguro de vida<\/h5> <img  decoding=\"async\" class=\"custom-image\" src=\"#\"><img  decoding=\"async\" class=\"custom-image\" src=\"https:\/\/cempecafen.com\/wp-content\/uploads\/2025\/01\/cropped-Vida.jpg.webp\" title=\"cropped-Vida.jpg\" alt=\"\"><\/div> <\/div><\/div> <\/div><\/div><div  data-label=\"Cifras\" data-id=\"counters--1\" data-export-id=\"counters-1\" data-category=\"counters\" class=\"counters-1 content-section content-section-spacing\" id=\"cifras\" style=\"background-color: rgb(255, 255, 255);\" data-bullets-visibility=\"true\"><div  class=\"gridContainer\"> <div  class=\"row text-center\"><div  class=\"section-title-col\" data-type=\"column\"> <h2  class=\"\">Cifras<\/h2> <p  class=\"lead\">Nuestras cifras al mes de marzo<\/p><\/div> <\/div> <div  class=\"row spaced-cols\" data-type=\"row\" data-fixed=\"true\"> <div  class=\"col-xs-12 col-sm-4 space-bottom-small col-padding-xs\"> <div  class=\"circle-counter color1\"> <svg  class=\"circle-svg\" viewBox=\"0 0 100 100\"> <circle  r=\"48\" stroke-linecap=\"round\" cx=\"50\" cy=\"50\" fill=\"transparent\" stroke-dasharray=\"301.6\" stroke-dashoffset=\"301.6px\"><\/circle> <circle  class=\"circle-bar\" r=\"48\" stroke-linecap=\"round\" cx=\"50\" cy=\"50\" fill=\"transparent\" stroke-dasharray=\"301.6\" stroke-dashoffset=\"301.6px\" style=\"stroke-dashoffset: 301.593px;\"><\/circle><\/svg> <div  class=\"circle-content\"><h2  class=\"font-100\" data-min=\"0\" data-max=\"186\" data-stop=\"186\" data-prefix=\"\" data-suffix=\"\" data-countup=\"true\" data-duration=\"2000\"><\/h2> <p >Asociados<\/p><\/div> <\/div><\/div> <div  class=\"col-xs-12 col-sm-4 space-bottom-small col-padding-xs\"><div  class=\"circle-counter color2\"> <svg  class=\"circle-svg\" viewBox=\"0 0 100 100\"><circle  r=\"48\" stroke-linecap=\"round\" cx=\"50\" cy=\"50\" fill=\"transparent\" stroke-dasharray=\"301.6\" stroke-dashoffset=\"301.6px\"><\/circle> <circle  class=\"circle-bar\" r=\"48\" stroke-linecap=\"round\" cx=\"50\" cy=\"50\" fill=\"transparent\" stroke-dasharray=\"301.6\" stroke-dashoffset=\"301.6px\" style=\"stroke-dashoffset: 301.593px;\"><\/circle><\/svg> <div  class=\"circle-content\"><h2  class=\"font-100\" data-min=\"0\" data-max=\"4132\" data-stop=\"4132\" data-prefix=\"$ \" data-suffix=\"\" data-countup=\"true\" data-duration=\"2000\"><\/h2> <p >MM DE $<br >Aportes<\/p><\/div> <\/div><\/div> <div  class=\"col-xs-12 col-sm-4 space-bottom-small col-padding-xs\"><div  class=\"circle-counter color4\"> <svg  class=\"circle-svg\" viewBox=\"0 0 100 100\"><circle  r=\"48\" stroke-linecap=\"round\" cx=\"50\" cy=\"50\" fill=\"transparent\" stroke-dasharray=\"301.6\" stroke-dashoffset=\"301.6px\"><\/circle> <circle  class=\"circle-bar\" r=\"48\" stroke-linecap=\"round\" cx=\"50\" cy=\"50\" fill=\"transparent\" stroke-dasharray=\"301.6\" stroke-dashoffset=\"301.6px\" style=\"stroke-dashoffset: 301.593px;\"><\/circle><\/svg> <div  class=\"circle-content\"><h2  class=\"font-100\" data-min=\"0\" data-max=\"4230\" data-stop=\"4230\" data-prefix=\"$\" data-suffix=\"\" data-countup=\"true\" data-duration=\"2000\"><\/h2> <p >MM $\n<br >Cartera<\/p><\/div> <\/div><\/div> <\/div><\/div> <\/div>","protected":false},"excerpt":{"rendered":"<p>Nuestra historia La cooperativa de empleados, pensionados y ex empleados de la Federaci\u00f3n Nacional de Cafeteros de Colombia, Almacaf\u00e9 S.A. y de las Cooperativas de Caficultores, CEMPECAFEN es una cooperativa que opera en la ciudad de San Juan de Pasto, Departamento de Nari\u00f1o, Rep\u00fablica de Colombia, con personer\u00eda jur\u00eddica otorgada mediante resoluci\u00f3n 00644 del 14&hellip; <br \/> <a class=\"read-more\" href=\"https:\/\/cempecafen.com\/\">Leer m\u00e1s<\/a><\/p>\n","protected":false},"author":1,"featured_media":0,"parent":0,"menu_order":0,"comment_status":"closed","ping_status":"closed","template":"page-templates\/homepage.php","meta":{"om_disable_all_campaigns":false,"_uag_custom_page_level_css":"","_monsterinsights_skip_tracking":false,"_monsterinsights_sitenote_active":false,"_monsterinsights_sitenote_note":"","_monsterinsights_sitenote_category":0,"footnotes":""},"class_list":["post-1839","page","type-page","status-publish","hentry"],"uagb_featured_image_src":{"full":false,"thumbnail":false,"medium":false,"medium_large":false,"large":false,"1536x1536":false,"2048x2048":false,"post-thumbnail":false,"mesmerize-full-hd":false},"uagb_author_info":{"display_name":"cempecafen@gmail.com","author_link":"https:\/\/cempecafen.com\/?author=1"},"uagb_comment_info":0,"uagb_excerpt":"Nuestra historia La cooperativa de empleados, pensionados y ex empleados de la Federaci\u00f3n Nacional de Cafeteros de Colombia, Almacaf\u00e9 S.A. y de las Cooperativas de Caficultores, CEMPECAFEN es una cooperativa que opera en la ciudad de San Juan de Pasto, Departamento de Nari\u00f1o, Rep\u00fablica de Colombia, con personer\u00eda jur\u00eddica otorgada mediante resoluci\u00f3n 00644 del 14&hellip;&hellip;","_links":{"self":[{"href":"https:\/\/cempecafen.com\/index.php?rest_route=\/wp\/v2\/pages\/1839","targetHints":{"allow":["GET"]}}],"collection":[{"href":"https:\/\/cempecafen.com\/index.php?rest_route=\/wp\/v2\/pages"}],"about":[{"href":"https:\/\/cempecafen.com\/index.php?rest_route=\/wp\/v2\/types\/page"}],"author":[{"embeddable":true,"href":"https:\/\/cempecafen.com\/index.php?rest_route=\/wp\/v2\/users\/1"}],"replies":[{"embeddable":true,"href":"https:\/\/cempecafen.com\/index.php?rest_route=%2Fwp%2Fv2%2Fcomments&post=1839"}],"version-history":[{"count":40,"href":"https:\/\/cempecafen.com\/index.php?rest_route=\/wp\/v2\/pages\/1839\/revisions"}],"predecessor-version":[{"id":2112,"href":"https:\/\/cempecafen.com\/index.php?rest_route=\/wp\/v2\/pages\/1839\/revisions\/2112"}],"wp:attachment":[{"href":"https:\/\/cempecafen.com\/index.php?rest_route=%2Fwp%2Fv2%2Fmedia&parent=1839"}],"curies":[{"name":"wp","href":"https:\/\/api.w.org\/{rel}","templated":true}]}}